{"id":11,"date":"2016-07-20T10:40:51","date_gmt":"2016-07-20T10:40:51","guid":{"rendered":"http:\/\/jsg-radolfshausen.de\/wp\/?page_id=11"},"modified":"2020-09-03T16:29:05","modified_gmt":"2020-09-03T16:29:05","slug":"spielorte","status":"publish","type":"page","link":"https:\/\/www.jsg-radolfshausen.de\/wp\/spielorte\/","title":{"rendered":"Spielorte"},"content":{"rendered":"<p>Der JSG Radolfshausen\/SC Eichsfeld stehen in der Saison 2020\/2021 die Pl\u00e4tze in folgenden Orten zur Verf\u00fcgung<\/p>\n<ul>\n<li>Eberg\u00f6tzen<\/li>\n<li>Seulingen<\/li>\n<li>Landolfshausen<\/li>\n<li>Falkenhagen<\/li>\n<li>Waake<\/li>\n<li>Desingerode<\/li>\n<li>Westerode<\/li>\n<\/ul>\n","protected":false},"excerpt":{"rendered":"<p>Der JSG Radolfshausen\/SC Eichsfeld stehen in der Saison 2020\/2021 die Pl\u00e4tze in folgenden Orten zur Verf\u00fcgung Eberg\u00f6tzen Seulingen Landolfshausen Falkenhagen Waake Desingerode Westerode<\/p>\n<p> <a class=\"continue-reading-link\" href=\"https:\/\/www.jsg-radolfshausen.de\/wp\/spielorte\/\"><span>weiterlesen<\/span><i class=\"crycon-right-dir\"><\/i><\/a> <\/p>\n","protected":false},"author":1,"featured_media":0,"parent":0,"menu_order":0,"comment_status":"closed","ping_status":"closed","template":"","meta":{"ngg_post_thumbnail":0,"footnotes":""},"class_list":["post-11","page","type-page","status-publish","hentry"],"_links":{"self":[{"href":"https:\/\/www.jsg-radolfshausen.de\/wp\/wp-json\/wp\/v2\/pages\/11","targetHints":{"allow":["GET"]}}],"collection":[{"href":"https:\/\/www.jsg-radolfshausen.de\/wp\/wp-json\/wp\/v2\/pages"}],"about":[{"href":"https:\/\/www.jsg-radolfshausen.de\/wp\/wp-json\/wp\/v2\/types\/page"}],"author":[{"embeddable":true,"href":"https:\/\/www.jsg-radolfshausen.de\/wp\/wp-json\/wp\/v2\/users\/1"}],"replies":[{"embeddable":true,"href":"https:\/\/www.jsg-radolfshausen.de\/wp\/wp-json\/wp\/v2\/comments?post=11"}],"version-history":[{"count":3,"href":"https:\/\/www.jsg-radolfshausen.de\/wp\/wp-json\/wp\/v2\/pages\/11\/revisions"}],"predecessor-version":[{"id":1793,"href":"https:\/\/www.jsg-radolfshausen.de\/wp\/wp-json\/wp\/v2\/pages\/11\/revisions\/1793"}],"wp:attachment":[{"href":"https:\/\/www.jsg-radolfshausen.de\/wp\/wp-json\/wp\/v2\/media?parent=11"}],"curies":[{"name":"wp","href":"https:\/\/api.w.org\/{rel}","templated":true}]}}